{"id":121,"date":"2022-11-23T14:42:39","date_gmt":"2022-11-23T13:42:39","guid":{"rendered":"https:\/\/www.petitpont.be\/?page_id=121"},"modified":"2025-08-19T14:43:40","modified_gmt":"2025-08-19T12:43:40","slug":"studio1","status":"publish","type":"page","link":"https:\/\/www.petitpont.be\/index.php\/studio1\/","title":{"rendered":"Studio Cosy ~ Le Petit Pont"},"content":{"rendered":"\t\t<div data-elementor-type=\"wp-page\" data-elementor-id=\"121\" class=\"elementor elementor-121\">\n\t\t\t\t\t\t\t\t\t<section class=\"elementor-section elementor-top-section elementor-element elementor-element-424c4ed elementor-section-boxed elementor-section-height-default elementor-section-height-default\" data-id=\"424c4ed\" data-element_type=\"section\" data-settings=\"{&quot;background_background&quot;:&quot;gradient&quot;}\">\n\t\t\t\t\t\t<div class=\"elementor-container elementor-column-gap-default\">\n\t\t\t\t\t<div class=\"elementor-column elementor-col-100 elementor-top-column elementor-element elementor-element-9d382e8\" data-id=\"9d382e8\" data-element_type=\"column\">\n\t\t\t<div class=\"elementor-widget-wrap elementor-element-populated\">\n\t\t\t\t\t\t\t\t<div class=\"elementor-element elementor-element-e3ec18a elementor-widget elementor-widget-heading\" data-id=\"e3ec18a\" data-element_type=\"widget\" data-widget_type=\"heading.default\">\n\t\t\t\t<div class=\"elementor-widget-container\">\n\t\t\t<style>\/*! elementor - v3.10.0 - 09-01-2023 *\/\n.elementor-heading-title{padding:0;margin:0;line-height:1}.elementor-widget-heading .elementor-heading-title[class*=elementor-size-]>a{color:inherit;font-size:inherit;line-height:inherit}.elementor-widget-heading .elementor-heading-title.elementor-size-small{font-size:15px}.elementor-widget-heading .elementor-heading-title.elementor-size-medium{font-size:19px}.elementor-widget-heading .elementor-heading-title.elementor-size-large{font-size:29px}.elementor-widget-heading .elementor-heading-title.elementor-size-xl{font-size:39px}.elementor-widget-heading .elementor-heading-title.elementor-size-xxl{font-size:59px}<\/style><h2 class=\"elementor-heading-title elementor-size-medium\"><a href=\"https:\/\/www.booking.com\/hotel\/be\/studio-cosy.html?aid=376366&#038;label=fr-85Sbyi2evytni3mHZEi6UgS267492169156%3Apl%3Ata%3Ap1%3Ap22.563.000%3Aac%3Aap%3Aneg%3Afi%3Atikwd-65526620%3Alp1001400%3Ali%3Adec%3Adm%3Appccp%3DUmFuZG9tSVYkc2RlIyh9Ye7BFAsTyVd6vvamF_no64o&#038;sid=3338d60202d1312aef4d3c848915256d&#038;from_list=1&#038;checkin=2023-01-07&#038;checkout=2023-01-08&#038;group_rooms=1&#038;group_adults=2&#038;group_children=0&#038;no_rooms=1&#038;req_adults=2&#038;req_children=0#availability\" target=\"_blank\">Cliquez ici pour r\u00e9server votre s\u00e9jour !<\/a><\/h2>\t\t<\/div>\n\t\t\t\t<\/div>\n\t\t\t\t\t<\/div>\n\t\t<\/div>\n\t\t\t\t\t\t\t<\/div>\n\t\t<\/section>\n\t\t\t\t<section class=\"elementor-section elementor-top-section elementor-element elementor-element-bf7473c elementor-section-boxed elementor-section-height-default elementor-section-height-default\" data-id=\"bf7473c\" data-element_type=\"section\">\n\t\t\t\t\t\t<div class=\"elementor-container elementor-column-gap-default\">\n\t\t\t\t\t<div class=\"elementor-column elementor-col-50 elementor-top-column elementor-element elementor-element-3573f32\" data-id=\"3573f32\" data-element_type=\"column\">\n\t\t\t<div class=\"elementor-widget-wrap elementor-element-populated\">\n\t\t\t\t\t\t\t\t<div class=\"elementor-element elementor-element-0603751 elementor-widget elementor-widget-image\" data-id=\"0603751\" data-element_type=\"widget\" data-widget_type=\"image.default\">\n\t\t\t\t<div class=\"elementor-widget-container\">\n\t\t\t<style>\/*! elementor - v3.10.0 - 09-01-2023 *\/\n.elementor-widget-image{text-align:center}.elementor-widget-image a{display:inline-block}.elementor-widget-image a img[src$=\".svg\"]{width:48px}.elementor-widget-image img{vertical-align:middle;display:inline-block}<\/style>\t\t\t\t\t\t\t\t\t\t\t\t<img loading=\"lazy\" decoding=\"async\" width=\"678\" height=\"509\" src=\"https:\/\/www.petitpont.be\/wp-content\/uploads\/2023\/01\/image00011-1-1024x768.jpeg\" class=\"attachment-large size-large wp-image-238\" alt=\"\" srcset=\"https:\/\/www.petitpont.be\/wp-content\/uploads\/2023\/01\/image00011-1-1024x768.jpeg 1024w, https:\/\/www.petitpont.be\/wp-content\/uploads\/2023\/01\/image00011-1-300x225.jpeg 300w, https:\/\/www.petitpont.be\/wp-content\/uploads\/2023\/01\/image00011-1-768x576.jpeg 768w, https:\/\/www.petitpont.be\/wp-content\/uploads\/2023\/01\/image00011-1-1536x1152.jpeg 1536w, https:\/\/www.petitpont.be\/wp-content\/uploads\/2023\/01\/image00011-1.jpeg 2048w\" sizes=\"auto, (max-width: 678px) 100vw, 678px\" \/>\t\t\t\t\t\t\t\t\t\t\t\t\t\t\t<\/div>\n\t\t\t\t<\/div>\n\t\t\t\t\t<\/div>\n\t\t<\/div>\n\t\t\t\t<div class=\"elementor-column elementor-col-50 elementor-top-column elementor-element elementor-element-887d089\" data-id=\"887d089\" data-element_type=\"column\">\n\t\t\t<div class=\"elementor-widget-wrap elementor-element-populated\">\n\t\t\t\t\t\t\t\t<div class=\"elementor-element elementor-element-23408c1 elementor-widget elementor-widget-image\" data-id=\"23408c1\" data-element_type=\"widget\" data-widget_type=\"image.default\">\n\t\t\t\t<div class=\"elementor-widget-container\">\n\t\t\t\t\t\t\t\t\t\t\t\t\t\t\t<img loading=\"lazy\" decoding=\"async\" width=\"678\" height=\"509\" src=\"https:\/\/www.petitpont.be\/wp-content\/uploads\/2023\/01\/image00014-1024x768.jpeg\" class=\"attachment-large size-large wp-image-223\" alt=\"\" srcset=\"https:\/\/www.petitpont.be\/wp-content\/uploads\/2023\/01\/image00014-1024x768.jpeg 1024w, https:\/\/www.petitpont.be\/wp-content\/uploads\/2023\/01\/image00014-300x225.jpeg 300w, https:\/\/www.petitpont.be\/wp-content\/uploads\/2023\/01\/image00014-768x576.jpeg 768w, https:\/\/www.petitpont.be\/wp-content\/uploads\/2023\/01\/image00014-1536x1152.jpeg 1536w, https:\/\/www.petitpont.be\/wp-content\/uploads\/2023\/01\/image00014.jpeg 2048w\" sizes=\"auto, (max-width: 678px) 100vw, 678px\" \/>\t\t\t\t\t\t\t\t\t\t\t\t\t\t\t<\/div>\n\t\t\t\t<\/div>\n\t\t\t\t\t<\/div>\n\t\t<\/div>\n\t\t\t\t\t\t\t<\/div>\n\t\t<\/section>\n\t\t\t\t<section class=\"elementor-section elementor-top-section elementor-element elementor-element-4cb4080 elementor-section-boxed elementor-section-height-default elementor-section-height-default\" data-id=\"4cb4080\" data-element_type=\"section\">\n\t\t\t\t\t\t<div class=\"elementor-container elementor-column-gap-default\">\n\t\t\t\t\t<div class=\"elementor-column elementor-col-100 elementor-top-column elementor-element elementor-element-53fa282\" data-id=\"53fa282\" data-element_type=\"column\">\n\t\t\t<div class=\"elementor-widget-wrap elementor-element-populated\">\n\t\t\t\t\t\t\t\t<div class=\"elementor-element elementor-element-32e2936 elementor-widget elementor-widget-text-editor\" data-id=\"32e2936\" data-element_type=\"widget\" data-widget_type=\"text-editor.default\">\n\t\t\t\t<div class=\"elementor-widget-container\">\n\t\t\t<style>\/*! elementor - v3.10.0 - 09-01-2023 *\/\n.elementor-widget-text-editor.elementor-drop-cap-view-stacked .elementor-drop-cap{background-color:#818a91;color:#fff}.elementor-widget-text-editor.elementor-drop-cap-view-framed .elementor-drop-cap{color:#818a91;border:3px solid;background-color:transparent}.elementor-widget-text-editor:not(.elementor-drop-cap-view-default) .elementor-drop-cap{margin-top:8px}.elementor-widget-text-editor:not(.elementor-drop-cap-view-default) .elementor-drop-cap-letter{width:1em;height:1em}.elementor-widget-text-editor .elementor-drop-cap{float:left;text-align:center;line-height:1;font-size:50px}.elementor-widget-text-editor .elementor-drop-cap-letter{display:inline-block}<\/style>\t\t\t\t<p>Situ\u00e9 au dessus du restaurant, disposant d&rsquo;un bar et d&rsquo;un jardin, le studio cosy ~ Le Petit Pont propose un h\u00e9bergement \u00e0 Gesves avec une connexion Wi-Fi gratuite et une vue sur le jardin. Cet appartement se trouve \u00e0 44 km de Barvaux et de Labyrinthe.<\/p><p>Cet appartement comprend une chambre, une t\u00e9l\u00e9vision \u00e0 \u00e9cran plat, un coin repas ainsi qu&rsquo;une cuisine \u00e9quip\u00e9e d&rsquo;un micro-ondes et d&rsquo;un r\u00e9frig\u00e9rateur.<\/p><p>Vous pourrez profiter d&rsquo;un barbecue et d&rsquo;une terrasse sur place. La r\u00e9gion est pris\u00e9e pour pratiquer la p\u00eache.<\/p><p>Vous s\u00e9journerez \u00e0 34 km d&rsquo;Anseremme et \u00e0 36 km du ch\u00e2teau de Jehay-Bodegn\u00e9e. L&rsquo;a\u00e9roport de Li\u00e8ge, le plus proche, est implant\u00e9 \u00e0 46 km.<\/p>\t\t\t\t\t\t<\/div>\n\t\t\t\t<\/div>\n\t\t\t\t\t<\/div>\n\t\t<\/div>\n\t\t\t\t\t\t\t<\/div>\n\t\t<\/section>\n\t\t\t\t<section class=\"elementor-section elementor-top-section elementor-element elementor-element-75bf9c5 elementor-section-boxed elementor-section-height-default elementor-section-height-default\" data-id=\"75bf9c5\" data-element_type=\"section\">\n\t\t\t\t\t\t<div class=\"elementor-container elementor-column-gap-default\">\n\t\t\t\t\t<div class=\"elementor-column elementor-col-50 elementor-top-column elementor-element elementor-element-f8aa199\" data-id=\"f8aa199\" data-element_type=\"column\">\n\t\t\t<div class=\"elementor-widget-wrap elementor-element-populated\">\n\t\t\t\t\t\t\t\t<div class=\"elementor-element elementor-element-5bd42a1 elementor-widget elementor-widget-image\" data-id=\"5bd42a1\" data-element_type=\"widget\" data-widget_type=\"image.default\">\n\t\t\t\t<div class=\"elementor-widget-container\">\n\t\t\t\t\t\t\t\t\t\t\t\t\t\t\t<img loading=\"lazy\" decoding=\"async\" width=\"678\" height=\"456\" src=\"https:\/\/www.petitpont.be\/wp-content\/uploads\/2023\/01\/Studio-le-petit-pont-2-1024x688.jpg\" class=\"attachment-large size-large wp-image-243\" alt=\"\" srcset=\"https:\/\/www.petitpont.be\/wp-content\/uploads\/2023\/01\/Studio-le-petit-pont-2-1024x688.jpg 1024w, https:\/\/www.petitpont.be\/wp-content\/uploads\/2023\/01\/Studio-le-petit-pont-2-300x202.jpg 300w, https:\/\/www.petitpont.be\/wp-content\/uploads\/2023\/01\/Studio-le-petit-pont-2-768x516.jpg 768w, https:\/\/www.petitpont.be\/wp-content\/uploads\/2023\/01\/Studio-le-petit-pont-2-1536x1032.jpg 1536w, https:\/\/www.petitpont.be\/wp-content\/uploads\/2023\/01\/Studio-le-petit-pont-2-2048x1376.jpg 2048w\" sizes=\"auto, (max-width: 678px) 100vw, 678px\" \/>\t\t\t\t\t\t\t\t\t\t\t\t\t\t\t<\/div>\n\t\t\t\t<\/div>\n\t\t\t\t\t<\/div>\n\t\t<\/div>\n\t\t\t\t<div class=\"elementor-column elementor-col-50 elementor-top-column elementor-element elementor-element-e682510\" data-id=\"e682510\" data-element_type=\"column\">\n\t\t\t<div class=\"elementor-widget-wrap elementor-element-populated\">\n\t\t\t\t\t\t\t\t<div class=\"elementor-element elementor-element-f1af0f6 elementor-widget elementor-widget-image\" data-id=\"f1af0f6\" data-element_type=\"widget\" data-widget_type=\"image.default\">\n\t\t\t\t<div class=\"elementor-widget-container\">\n\t\t\t\t\t\t\t\t\t\t\t\t\t\t\t<img loading=\"lazy\" decoding=\"async\" width=\"678\" height=\"509\" src=\"https:\/\/www.petitpont.be\/wp-content\/uploads\/2023\/01\/studio-1.jpg\" class=\"attachment-large size-large wp-image-261\" alt=\"\" srcset=\"https:\/\/www.petitpont.be\/wp-content\/uploads\/2023\/01\/studio-1.jpg 1024w, https:\/\/www.petitpont.be\/wp-content\/uploads\/2023\/01\/studio-1-300x225.jpg 300w, https:\/\/www.petitpont.be\/wp-content\/uploads\/2023\/01\/studio-1-768x576.jpg 768w\" sizes=\"auto, (max-width: 678px) 100vw, 678px\" \/>\t\t\t\t\t\t\t\t\t\t\t\t\t\t\t<\/div>\n\t\t\t\t<\/div>\n\t\t\t\t\t<\/div>\n\t\t<\/div>\n\t\t\t\t\t\t\t<\/div>\n\t\t<\/section>\n\t\t\t\t<section class=\"elementor-section elementor-top-section elementor-element elementor-element-631bff6 elementor-section-boxed elementor-section-height-default elementor-section-height-default\" data-id=\"631bff6\" data-element_type=\"section\">\n\t\t\t\t\t\t<div class=\"elementor-container elementor-column-gap-default\">\n\t\t\t\t\t<div class=\"elementor-column elementor-col-100 elementor-top-column elementor-element elementor-element-26fa513\" data-id=\"26fa513\" data-element_type=\"column\">\n\t\t\t<div class=\"elementor-widget-wrap elementor-element-populated\">\n\t\t\t\t\t\t\t\t<div class=\"elementor-element elementor-element-549a8b7 elementor-arrows-position-inside elementor-pagination-position-outside elementor-widget elementor-widget-image-carousel\" data-id=\"549a8b7\" data-element_type=\"widget\" data-settings=\"{&quot;navigation&quot;:&quot;both&quot;,&quot;autoplay&quot;:&quot;yes&quot;,&quot;pause_on_hover&quot;:&quot;yes&quot;,&quot;pause_on_interaction&quot;:&quot;yes&quot;,&quot;autoplay_speed&quot;:5000,&quot;infinite&quot;:&quot;yes&quot;,&quot;speed&quot;:500}\" data-widget_type=\"image-carousel.default\">\n\t\t\t\t<div class=\"elementor-widget-container\">\n\t\t\t<style>\/*! elementor - v3.10.0 - 09-01-2023 *\/\n.elementor-widget-image-carousel .swiper-container{position:static}.elementor-widget-image-carousel .swiper-container .swiper-slide figure{line-height:inherit}.elementor-widget-image-carousel .swiper-slide{text-align:center}.elementor-image-carousel-wrapper:not(.swiper-container-initialized) .swiper-slide{max-width:calc(100% \/ var(--e-image-carousel-slides-to-show, 3))}<\/style>\t\t<div class=\"elementor-image-carousel-wrapper swiper-container\" dir=\"ltr\">\n\t\t\t<div class=\"elementor-image-carousel swiper-wrapper\">\n\t\t\t\t\t\t\t\t<div class=\"swiper-slide\"><figure class=\"swiper-slide-inner\"><img decoding=\"async\" class=\"swiper-slide-image\" src=\"https:\/\/www.petitpont.be\/wp-content\/uploads\/2023\/01\/studio-le-petit-pont-150x150.jpg\" alt=\"Cuisine\" \/><\/figure><\/div><div class=\"swiper-slide\"><figure class=\"swiper-slide-inner\"><img decoding=\"async\" class=\"swiper-slide-image\" src=\"https:\/\/www.petitpont.be\/wp-content\/uploads\/2023\/01\/image00016-150x150.jpeg\" alt=\"Salle de douche\" \/><\/figure><\/div><div class=\"swiper-slide\"><figure class=\"swiper-slide-inner\"><img decoding=\"async\" class=\"swiper-slide-image\" src=\"https:\/\/www.petitpont.be\/wp-content\/uploads\/2023\/01\/image00009-150x150.jpeg\" alt=\"Lit\" \/><\/figure><\/div><div class=\"swiper-slide\"><figure class=\"swiper-slide-inner\"><img decoding=\"async\" class=\"swiper-slide-image\" src=\"https:\/\/www.petitpont.be\/wp-content\/uploads\/2023\/01\/photo-5-150x150.jpg\" alt=\"Literie\" \/><\/figure><\/div><div class=\"swiper-slide\"><figure class=\"swiper-slide-inner\"><img decoding=\"async\" class=\"swiper-slide-image\" src=\"https:\/\/www.petitpont.be\/wp-content\/uploads\/2023\/01\/30741028_10216368830240491_4739818842920845312_n-150x150.jpg\" alt=\"30741028_10216368830240491_4739818842920845312_n\" \/><\/figure><\/div><div class=\"swiper-slide\"><figure class=\"swiper-slide-inner\"><img decoding=\"async\" class=\"swiper-slide-image\" src=\"https:\/\/www.petitpont.be\/wp-content\/uploads\/2023\/01\/cropped-Petit-pont-1-scaled-1-150x150.jpg\" alt=\"Restaurant\" \/><\/figure><\/div><div class=\"swiper-slide\"><figure class=\"swiper-slide-inner\"><img decoding=\"async\" class=\"swiper-slide-image\" src=\"https:\/\/www.petitpont.be\/wp-content\/uploads\/2023\/01\/294415999_10229496444301873_5838663755584073613_n-150x150.jpg\" alt=\"294415999_10229496444301873_5838663755584073613_n\" \/><\/figure><\/div><div class=\"swiper-slide\"><figure class=\"swiper-slide-inner\"><img decoding=\"async\" class=\"swiper-slide-image\" src=\"https:\/\/www.petitpont.be\/wp-content\/uploads\/2023\/01\/cropped-Capture-decran-2023-01-05-145943-150x150.jpg\" alt=\"cropped-Capture-decran-2023-01-05-145943.jpg\" \/><\/figure><\/div><div class=\"swiper-slide\"><figure class=\"swiper-slide-inner\"><img decoding=\"async\" class=\"swiper-slide-image\" src=\"https:\/\/www.petitpont.be\/wp-content\/uploads\/2023\/01\/cropped-279157011_10159748951553377_1343020611038210226_n-150x150.jpg\" alt=\"cropped-279157011_10159748951553377_1343020611038210226_n.jpg\" \/><\/figure><\/div>\t\t\t<\/div>\n\t\t\t\t\t\t\t\t\t\t\t\t<div class=\"swiper-pagination\"><\/div>\n\t\t\t\t\t\t\t\t\t\t\t\t\t<div class=\"elementor-swiper-button elementor-swiper-button-prev\">\n\t\t\t\t\t\t<i aria-hidden=\"true\" class=\"eicon-chevron-left\"><\/i>\t\t\t\t\t\t<span class=\"elementor-screen-only\">Pr\u00e9c\u00e9dent<\/span>\n\t\t\t\t\t<\/div>\n\t\t\t\t\t<div class=\"elementor-swiper-button elementor-swiper-button-next\">\n\t\t\t\t\t\t<i aria-hidden=\"true\" class=\"eicon-chevron-right\"><\/i>\t\t\t\t\t\t<span class=\"elementor-screen-only\">Suivant<\/span>\n\t\t\t\t\t<\/div>\n\t\t\t\t\t\t\t\t\t<\/div>\n\t\t\t\t<\/div>\n\t\t\t\t<\/div>\n\t\t\t\t\t<\/div>\n\t\t<\/div>\n\t\t\t\t\t\t\t<\/div>\n\t\t<\/section>\n\t\t\t\t\t\t\t<\/div>\n\t\t","protected":false},"excerpt":{"rendered":"<p>Cliquez ici pour r\u00e9server votre s\u00e9jour ! Situ\u00e9 au dessus du restaurant, disposant d&rsquo;un bar et d&rsquo;un jardin, le studio cosy ~ Le Petit Pont propose un h\u00e9bergement \u00e0 Gesves avec une connexion Wi-Fi gratuite et une vue sur le jardin. Cet appartement se trouve \u00e0 44 km de Barvaux et de Labyrinthe. Cet appartement [&hellip;]<\/p>\n","protected":false},"author":1,"featured_media":0,"parent":0,"menu_order":0,"comment_status":"closed","ping_status":"closed","template":"","meta":{"footnotes":""},"class_list":["post-121","page","type-page","status-publish","hentry"],"_links":{"self":[{"href":"https:\/\/www.petitpont.be\/index.php\/wp-json\/wp\/v2\/pages\/121","targetHints":{"allow":["GET"]}}],"collection":[{"href":"https:\/\/www.petitpont.be\/index.php\/wp-json\/wp\/v2\/pages"}],"about":[{"href":"https:\/\/www.petitpont.be\/index.php\/wp-json\/wp\/v2\/types\/page"}],"author":[{"embeddable":true,"href":"https:\/\/www.petitpont.be\/index.php\/wp-json\/wp\/v2\/users\/1"}],"replies":[{"embeddable":true,"href":"https:\/\/www.petitpont.be\/index.php\/wp-json\/wp\/v2\/comments?post=121"}],"version-history":[{"count":45,"href":"https:\/\/www.petitpont.be\/index.php\/wp-json\/wp\/v2\/pages\/121\/revisions"}],"predecessor-version":[{"id":653,"href":"https:\/\/www.petitpont.be\/index.php\/wp-json\/wp\/v2\/pages\/121\/revisions\/653"}],"wp:attachment":[{"href":"https:\/\/www.petitpont.be\/index.php\/wp-json\/wp\/v2\/media?parent=121"}],"curies":[{"name":"wp","href":"https:\/\/api.w.org\/{rel}","templated":true}]}}