{"id":35,"date":"2022-11-23T12:35:14","date_gmt":"2022-11-23T11:35:14","guid":{"rendered":"https:\/\/www.petitpont.be\/?page_id=35"},"modified":"2025-08-19T14:59:57","modified_gmt":"2025-08-19T12:59:57","slug":"studio2","status":"publish","type":"page","link":"https:\/\/www.petitpont.be\/index.php\/studio2\/","title":{"rendered":"Studio Cosy ~ Le Samson"},"content":{"rendered":"\t\t<div data-elementor-type=\"wp-page\" data-elementor-id=\"35\" class=\"elementor elementor-35\">\n\t\t\t\t\t\t\t\t\t<section class=\"elementor-section elementor-top-section elementor-element elementor-element-dc12153 elementor-section-boxed elementor-section-height-default elementor-section-height-default\" data-id=\"dc12153\" data-element_type=\"section\">\n\t\t\t\t\t\t<div class=\"elementor-container elementor-column-gap-default\">\n\t\t\t\t\t<div class=\"elementor-column elementor-col-100 elementor-top-column elementor-element elementor-element-56f91b9\" data-id=\"56f91b9\" data-element_type=\"column\">\n\t\t\t<div class=\"elementor-widget-wrap elementor-element-populated\">\n\t\t\t\t\t\t\t\t<div class=\"elementor-element elementor-element-98914a6 elementor-widget elementor-widget-heading\" data-id=\"98914a6\" data-element_type=\"widget\" data-widget_type=\"heading.default\">\n\t\t\t\t<div class=\"elementor-widget-container\">\n\t\t\t<style>\/*! elementor - v3.10.0 - 09-01-2023 *\/\n.elementor-heading-title{padding:0;margin:0;line-height:1}.elementor-widget-heading .elementor-heading-title[class*=elementor-size-]>a{color:inherit;font-size:inherit;line-height:inherit}.elementor-widget-heading .elementor-heading-title.elementor-size-small{font-size:15px}.elementor-widget-heading .elementor-heading-title.elementor-size-medium{font-size:19px}.elementor-widget-heading .elementor-heading-title.elementor-size-large{font-size:29px}.elementor-widget-heading .elementor-heading-title.elementor-size-xl{font-size:39px}.elementor-widget-heading .elementor-heading-title.elementor-size-xxl{font-size:59px}<\/style><h2 class=\"elementor-heading-title elementor-size-medium\"><a href=\"https:\/\/www.booking.com\/hotel\/be\/studiot-cosy-2.fr.html?aid=376366&#038;label=fr-85Sbyi2evytni3mHZEi6UgS267492169156%3Apl%3Ata%3Ap1%3Ap22.563.000%3Aac%3Aap%3Aneg%3Afi%3Atikwd-65526620%3Alp1001400%3Ali%3Adec%3Adm%3Appccp%3DUmFuZG9tSVYkc2RlIyh9Ye7BFAsTyVd6vvamF_no64o&#038;sid=c4399114cf23a598aea473cc05e97cbd&#038;dest_id=-1958832;dest_type=city;dist=0;group_adults=2;group_children=0;hapos=1;hpos=1;no_rooms=1;req_adults=2;req_children=0;room1=A%2CA;sb_price_type=total;sr_order=popularity;srepoch=1673354973;srpvid=be165a2d312605e1;type=total;ucfs=1&#038;#hotelTmpl\" target=\"_blank\"><span style=\"color: rgb(85, 86, 87); font-size: 19px; text-align: center; -webkit-text-stroke-color: rgb(0, 0, 0);\">Cliquez ici pour r\u00e9server votre s\u00e9jour !<\/span><\/a><\/h2>\t\t<\/div>\n\t\t\t\t<\/div>\n\t\t\t\t\t<\/div>\n\t\t<\/div>\n\t\t\t\t\t\t\t<\/div>\n\t\t<\/section>\n\t\t\t\t<section class=\"elementor-section elementor-top-section elementor-element elementor-element-d1b800f elementor-section-boxed elementor-section-height-default elementor-section-height-default\" data-id=\"d1b800f\" data-element_type=\"section\">\n\t\t\t\t\t\t<div class=\"elementor-container elementor-column-gap-default\">\n\t\t\t\t\t<div class=\"elementor-column elementor-col-50 elementor-top-column elementor-element elementor-element-9cae62d\" data-id=\"9cae62d\" data-element_type=\"column\">\n\t\t\t<div class=\"elementor-widget-wrap elementor-element-populated\">\n\t\t\t\t\t\t\t\t<div class=\"elementor-element elementor-element-2ef8826 elementor-widget elementor-widget-image\" data-id=\"2ef8826\" data-element_type=\"widget\" data-widget_type=\"image.default\">\n\t\t\t\t<div class=\"elementor-widget-container\">\n\t\t\t<style>\/*! elementor - v3.10.0 - 09-01-2023 *\/\n.elementor-widget-image{text-align:center}.elementor-widget-image a{display:inline-block}.elementor-widget-image a img[src$=\".svg\"]{width:48px}.elementor-widget-image img{vertical-align:middle;display:inline-block}<\/style>\t\t\t\t\t\t\t\t\t\t\t\t<img loading=\"lazy\" decoding=\"async\" width=\"678\" height=\"904\" src=\"https:\/\/www.petitpont.be\/wp-content\/uploads\/2023\/01\/image00020-768x1024.jpeg\" class=\"attachment-large size-large wp-image-295\" alt=\"\" srcset=\"https:\/\/www.petitpont.be\/wp-content\/uploads\/2023\/01\/image00020-768x1024.jpeg 768w, https:\/\/www.petitpont.be\/wp-content\/uploads\/2023\/01\/image00020-225x300.jpeg 225w, https:\/\/www.petitpont.be\/wp-content\/uploads\/2023\/01\/image00020-1152x1536.jpeg 1152w, https:\/\/www.petitpont.be\/wp-content\/uploads\/2023\/01\/image00020-1536x2048.jpeg 1536w, https:\/\/www.petitpont.be\/wp-content\/uploads\/2023\/01\/image00020-scaled.jpeg 1920w\" sizes=\"auto, (max-width: 678px) 100vw, 678px\" \/>\t\t\t\t\t\t\t\t\t\t\t\t\t\t\t<\/div>\n\t\t\t\t<\/div>\n\t\t\t\t\t<\/div>\n\t\t<\/div>\n\t\t\t\t<div class=\"elementor-column elementor-col-50 elementor-top-column elementor-element elementor-element-cc75386\" data-id=\"cc75386\" data-element_type=\"column\">\n\t\t\t<div class=\"elementor-widget-wrap elementor-element-populated\">\n\t\t\t\t\t\t\t\t<div class=\"elementor-element elementor-element-50da729 elementor-widget elementor-widget-image\" data-id=\"50da729\" data-element_type=\"widget\" data-widget_type=\"image.default\">\n\t\t\t\t<div class=\"elementor-widget-container\">\n\t\t\t\t\t\t\t\t\t\t\t\t\t\t\t<img loading=\"lazy\" decoding=\"async\" width=\"678\" height=\"904\" src=\"https:\/\/www.petitpont.be\/wp-content\/uploads\/2023\/01\/image00019-768x1024.jpeg\" class=\"attachment-large size-large wp-image-294\" alt=\"\" srcset=\"https:\/\/www.petitpont.be\/wp-content\/uploads\/2023\/01\/image00019-768x1024.jpeg 768w, https:\/\/www.petitpont.be\/wp-content\/uploads\/2023\/01\/image00019-225x300.jpeg 225w, https:\/\/www.petitpont.be\/wp-content\/uploads\/2023\/01\/image00019-1152x1536.jpeg 1152w, https:\/\/www.petitpont.be\/wp-content\/uploads\/2023\/01\/image00019-1536x2048.jpeg 1536w, https:\/\/www.petitpont.be\/wp-content\/uploads\/2023\/01\/image00019-scaled.jpeg 1920w\" sizes=\"auto, (max-width: 678px) 100vw, 678px\" \/>\t\t\t\t\t\t\t\t\t\t\t\t\t\t\t<\/div>\n\t\t\t\t<\/div>\n\t\t\t\t\t<\/div>\n\t\t<\/div>\n\t\t\t\t\t\t\t<\/div>\n\t\t<\/section>\n\t\t\t\t<section class=\"elementor-section elementor-top-section elementor-element elementor-element-f931a4f elementor-section-boxed elementor-section-height-default elementor-section-height-default\" data-id=\"f931a4f\" data-element_type=\"section\">\n\t\t\t\t\t\t<div class=\"elementor-container elementor-column-gap-default\">\n\t\t\t\t\t<div class=\"elementor-column elementor-col-100 elementor-top-column elementor-element elementor-element-8760d90\" data-id=\"8760d90\" data-element_type=\"column\">\n\t\t\t<div class=\"elementor-widget-wrap elementor-element-populated\">\n\t\t\t\t\t\t\t\t<div class=\"elementor-element elementor-element-98add3d elementor-widget elementor-widget-text-editor\" data-id=\"98add3d\" data-element_type=\"widget\" data-widget_type=\"text-editor.default\">\n\t\t\t\t<div class=\"elementor-widget-container\">\n\t\t\t<style>\/*! elementor - v3.10.0 - 09-01-2023 *\/\n.elementor-widget-text-editor.elementor-drop-cap-view-stacked .elementor-drop-cap{background-color:#818a91;color:#fff}.elementor-widget-text-editor.elementor-drop-cap-view-framed .elementor-drop-cap{color:#818a91;border:3px solid;background-color:transparent}.elementor-widget-text-editor:not(.elementor-drop-cap-view-default) .elementor-drop-cap{margin-top:8px}.elementor-widget-text-editor:not(.elementor-drop-cap-view-default) .elementor-drop-cap-letter{width:1em;height:1em}.elementor-widget-text-editor .elementor-drop-cap{float:left;text-align:center;line-height:1;font-size:50px}.elementor-widget-text-editor .elementor-drop-cap-letter{display:inline-block}<\/style>\t\t\t\t<div id=\"summary\" class=\"\" data-et-view=\"\"><div id=\"property_description_content\"><p>Dot\u00e9 d&rsquo;un restaurant, le Studio cosy ~ Le Samson\u00a0 propose un h\u00e9bergement \u00e0 Gesves avec une connexion Wi-Fi gratuite et une vue sur la rivi\u00e8re. Vous s\u00e9journerez \u00e0 10 km de Namur et b\u00e9n\u00e9ficierez d&rsquo;un parking priv\u00e9 gratuit.<\/p><p>Cet appartement comprend une chambre, une cuisine avec micro-ondes, une t\u00e9l\u00e9vision \u00e0 \u00e9cran plat, un coin salon et une salle de bains avec douche. Les serviettes et le linge de lit sont fournis.<\/p><p>Vous pourrez pratiquer la randonn\u00e9e et la p\u00eache \u00e0 proximit\u00e9.<\/p><p>Vous s\u00e9journerez \u00e0 34 km de Durbuy et \u00e0 46 km de Li\u00e8ge. L&rsquo;a\u00e9roport le plus proche, celui de Charleroi, est situ\u00e9 \u00e0 38 km. Un service de navette a\u00e9roport peut \u00eatre assur\u00e9 moyennant des frais suppl\u00e9mentaires.<\/p><\/div><\/div>\t\t\t\t\t\t<\/div>\n\t\t\t\t<\/div>\n\t\t\t\t\t<\/div>\n\t\t<\/div>\n\t\t\t\t\t\t\t<\/div>\n\t\t<\/section>\n\t\t\t\t<section class=\"elementor-section elementor-top-section elementor-element elementor-element-a49706e elementor-section-boxed elementor-section-height-default elementor-section-height-default\" data-id=\"a49706e\" data-element_type=\"section\">\n\t\t\t\t\t\t<div class=\"elementor-container elementor-column-gap-default\">\n\t\t\t\t\t<div class=\"elementor-column elementor-col-50 elementor-top-column elementor-element elementor-element-2119fd7\" data-id=\"2119fd7\" data-element_type=\"column\">\n\t\t\t<div class=\"elementor-widget-wrap elementor-element-populated\">\n\t\t\t\t\t\t\t\t<div class=\"elementor-element elementor-element-9240c92 elementor-widget elementor-widget-image\" data-id=\"9240c92\" data-element_type=\"widget\" data-widget_type=\"image.default\">\n\t\t\t\t<div class=\"elementor-widget-container\">\n\t\t\t\t\t\t\t\t\t\t\t\t\t\t\t<img loading=\"lazy\" decoding=\"async\" width=\"678\" height=\"904\" src=\"https:\/\/www.petitpont.be\/wp-content\/uploads\/2023\/01\/image00027-768x1024.jpeg\" class=\"attachment-large size-large wp-image-301\" alt=\"\" srcset=\"https:\/\/www.petitpont.be\/wp-content\/uploads\/2023\/01\/image00027-768x1024.jpeg 768w, https:\/\/www.petitpont.be\/wp-content\/uploads\/2023\/01\/image00027-225x300.jpeg 225w, https:\/\/www.petitpont.be\/wp-content\/uploads\/2023\/01\/image00027-1152x1536.jpeg 1152w, https:\/\/www.petitpont.be\/wp-content\/uploads\/2023\/01\/image00027.jpeg 1536w\" sizes=\"auto, (max-width: 678px) 100vw, 678px\" \/>\t\t\t\t\t\t\t\t\t\t\t\t\t\t\t<\/div>\n\t\t\t\t<\/div>\n\t\t\t\t\t<\/div>\n\t\t<\/div>\n\t\t\t\t<div class=\"elementor-column elementor-col-50 elementor-top-column elementor-element elementor-element-97bbafb\" data-id=\"97bbafb\" data-element_type=\"column\">\n\t\t\t<div class=\"elementor-widget-wrap elementor-element-populated\">\n\t\t\t\t\t\t\t\t<div class=\"elementor-element elementor-element-225f0d4 elementor-widget elementor-widget-image\" data-id=\"225f0d4\" data-element_type=\"widget\" data-widget_type=\"image.default\">\n\t\t\t\t<div class=\"elementor-widget-container\">\n\t\t\t\t\t\t\t\t\t\t\t\t\t\t\t<img loading=\"lazy\" decoding=\"async\" width=\"678\" height=\"904\" src=\"https:\/\/www.petitpont.be\/wp-content\/uploads\/2023\/01\/image00017-768x1024.jpeg\" class=\"attachment-large size-large wp-image-292\" alt=\"\" srcset=\"https:\/\/www.petitpont.be\/wp-content\/uploads\/2023\/01\/image00017-768x1024.jpeg 768w, https:\/\/www.petitpont.be\/wp-content\/uploads\/2023\/01\/image00017-225x300.jpeg 225w, https:\/\/www.petitpont.be\/wp-content\/uploads\/2023\/01\/image00017-1152x1536.jpeg 1152w, https:\/\/www.petitpont.be\/wp-content\/uploads\/2023\/01\/image00017-1536x2048.jpeg 1536w, https:\/\/www.petitpont.be\/wp-content\/uploads\/2023\/01\/image00017-scaled.jpeg 1920w\" sizes=\"auto, (max-width: 678px) 100vw, 678px\" \/>\t\t\t\t\t\t\t\t\t\t\t\t\t\t\t<\/div>\n\t\t\t\t<\/div>\n\t\t\t\t\t<\/div>\n\t\t<\/div>\n\t\t\t\t\t\t\t<\/div>\n\t\t<\/section>\n\t\t\t\t<section class=\"elementor-section elementor-top-section elementor-element elementor-element-befda81 elementor-section-boxed elementor-section-height-default elementor-section-height-default\" data-id=\"befda81\" data-element_type=\"section\">\n\t\t\t\t\t\t<div class=\"elementor-container elementor-column-gap-default\">\n\t\t\t\t\t<div class=\"elementor-column elementor-col-100 elementor-top-column elementor-element elementor-element-a97f9eb\" data-id=\"a97f9eb\" data-element_type=\"column\">\n\t\t\t<div class=\"elementor-widget-wrap elementor-element-populated\">\n\t\t\t\t\t\t\t\t<div class=\"elementor-element elementor-element-b3c8559 elementor-arrows-position-inside elementor-pagination-position-outside elementor-widget elementor-widget-image-carousel\" data-id=\"b3c8559\" data-element_type=\"widget\" data-settings=\"{&quot;navigation&quot;:&quot;both&quot;,&quot;autoplay&quot;:&quot;yes&quot;,&quot;pause_on_hover&quot;:&quot;yes&quot;,&quot;pause_on_interaction&quot;:&quot;yes&quot;,&quot;autoplay_speed&quot;:5000,&quot;infinite&quot;:&quot;yes&quot;,&quot;speed&quot;:500}\" data-widget_type=\"image-carousel.default\">\n\t\t\t\t<div class=\"elementor-widget-container\">\n\t\t\t<style>\/*! elementor - v3.10.0 - 09-01-2023 *\/\n.elementor-widget-image-carousel .swiper-container{position:static}.elementor-widget-image-carousel .swiper-container .swiper-slide figure{line-height:inherit}.elementor-widget-image-carousel .swiper-slide{text-align:center}.elementor-image-carousel-wrapper:not(.swiper-container-initialized) .swiper-slide{max-width:calc(100% \/ var(--e-image-carousel-slides-to-show, 3))}<\/style>\t\t<div class=\"elementor-image-carousel-wrapper swiper-container\" dir=\"ltr\">\n\t\t\t<div class=\"elementor-image-carousel swiper-wrapper\">\n\t\t\t\t\t\t\t\t<div class=\"swiper-slide\"><figure class=\"swiper-slide-inner\"><img decoding=\"async\" class=\"swiper-slide-image\" src=\"https:\/\/www.petitpont.be\/wp-content\/uploads\/2023\/01\/image00025-150x150.jpeg\" alt=\"image00025\" \/><\/figure><\/div><div class=\"swiper-slide\"><figure class=\"swiper-slide-inner\"><img decoding=\"async\" class=\"swiper-slide-image\" src=\"https:\/\/www.petitpont.be\/wp-content\/uploads\/2023\/01\/image00024-150x150.jpeg\" alt=\"image00024\" \/><\/figure><\/div><div class=\"swiper-slide\"><figure class=\"swiper-slide-inner\"><img decoding=\"async\" class=\"swiper-slide-image\" src=\"https:\/\/www.petitpont.be\/wp-content\/uploads\/2023\/01\/Studio-2-150x150.jpg\" alt=\"Studio 2\" \/><\/figure><\/div><div class=\"swiper-slide\"><figure class=\"swiper-slide-inner\"><img decoding=\"async\" class=\"swiper-slide-image\" src=\"https:\/\/www.petitpont.be\/wp-content\/uploads\/2023\/01\/294151314_10229496444661882_7824784620569118810_n-150x150.jpg\" alt=\"294151314_10229496444661882_7824784620569118810_n\" \/><\/figure><\/div><div class=\"swiper-slide\"><figure class=\"swiper-slide-inner\"><img decoding=\"async\" class=\"swiper-slide-image\" src=\"https:\/\/www.petitpont.be\/wp-content\/uploads\/2023\/01\/210312975_1080382389176448_7600235624506455658_n-150x150.jpg\" alt=\"210312975_1080382389176448_7600235624506455658_n\" \/><\/figure><\/div><div class=\"swiper-slide\"><figure class=\"swiper-slide-inner\"><img decoding=\"async\" class=\"swiper-slide-image\" src=\"https:\/\/www.petitpont.be\/wp-content\/uploads\/2023\/01\/310852727_10221684528963528_4767148762493606901_n-150x150.jpg\" alt=\"310852727_10221684528963528_4767148762493606901_n\" \/><\/figure><\/div>\t\t\t<\/div>\n\t\t\t\t\t\t\t\t\t\t\t\t<div class=\"swiper-pagination\"><\/div>\n\t\t\t\t\t\t\t\t\t\t\t\t\t<div class=\"elementor-swiper-button elementor-swiper-button-prev\">\n\t\t\t\t\t\t<i aria-hidden=\"true\" class=\"eicon-chevron-left\"><\/i>\t\t\t\t\t\t<span class=\"elementor-screen-only\">Pr\u00e9c\u00e9dent<\/span>\n\t\t\t\t\t<\/div>\n\t\t\t\t\t<div class=\"elementor-swiper-button elementor-swiper-button-next\">\n\t\t\t\t\t\t<i aria-hidden=\"true\" class=\"eicon-chevron-right\"><\/i>\t\t\t\t\t\t<span class=\"elementor-screen-only\">Suivant<\/span>\n\t\t\t\t\t<\/div>\n\t\t\t\t\t\t\t\t\t<\/div>\n\t\t\t\t<\/div>\n\t\t\t\t<\/div>\n\t\t\t\t\t<\/div>\n\t\t<\/div>\n\t\t\t\t\t\t\t<\/div>\n\t\t<\/section>\n\t\t\t\t\t\t\t<\/div>\n\t\t","protected":false},"excerpt":{"rendered":"<p>Cliquez ici pour r\u00e9server votre s\u00e9jour ! Dot\u00e9 d&rsquo;un restaurant, le Studio cosy ~ Le Samson\u00a0 propose un h\u00e9bergement \u00e0 Gesves avec une connexion Wi-Fi gratuite et une vue sur la rivi\u00e8re. Vous s\u00e9journerez \u00e0 10 km de Namur et b\u00e9n\u00e9ficierez d&rsquo;un parking priv\u00e9 gratuit. Cet appartement comprend une chambre, une cuisine avec micro-ondes, une [&hellip;]<\/p>\n","protected":false},"author":1,"featured_media":0,"parent":0,"menu_order":0,"comment_status":"closed","ping_status":"closed","template":"","meta":{"footnotes":""},"class_list":["post-35","page","type-page","status-publish","hentry"],"_links":{"self":[{"href":"https:\/\/www.petitpont.be\/index.php\/wp-json\/wp\/v2\/pages\/35","targetHints":{"allow":["GET"]}}],"collection":[{"href":"https:\/\/www.petitpont.be\/index.php\/wp-json\/wp\/v2\/pages"}],"about":[{"href":"https:\/\/www.petitpont.be\/index.php\/wp-json\/wp\/v2\/types\/page"}],"author":[{"embeddable":true,"href":"https:\/\/www.petitpont.be\/index.php\/wp-json\/wp\/v2\/users\/1"}],"replies":[{"embeddable":true,"href":"https:\/\/www.petitpont.be\/index.php\/wp-json\/wp\/v2\/comments?post=35"}],"version-history":[{"count":27,"href":"https:\/\/www.petitpont.be\/index.php\/wp-json\/wp\/v2\/pages\/35\/revisions"}],"predecessor-version":[{"id":678,"href":"https:\/\/www.petitpont.be\/index.php\/wp-json\/wp\/v2\/pages\/35\/revisions\/678"}],"wp:attachment":[{"href":"https:\/\/www.petitpont.be\/index.php\/wp-json\/wp\/v2\/media?parent=35"}],"curies":[{"name":"wp","href":"https:\/\/api.w.org\/{rel}","templated":true}]}}